{"id":806,"date":"2019-04-09T22:20:01","date_gmt":"2019-04-09T20:20:01","guid":{"rendered":"https:\/\/puycapel.fr\/?page_id=806"},"modified":"2019-06-03T21:16:22","modified_gmt":"2019-06-03T19:16:22","slug":"infos-pour-la-feuille-de-chataigner","status":"publish","type":"page","link":"https:\/\/puycapel.fr\/index.php\/infos-pour-la-feuille-de-chataigner\/","title":{"rendered":"Infos pour la feuille de Ch\u00e2taignier"},"content":{"rendered":"<p class=\"wpcf7-contact-form-not-found\"><strong>Erreur\u00a0:<\/strong> Formulaire de contact non trouv\u00e9\u00a0!<\/p>\n","protected":false},"excerpt":{"rendered":"","protected":false},"author":3,"featured_media":0,"parent":0,"menu_order":0,"comment_status":"closed","ping_status":"closed","template":"","meta":{"_exactmetrics_skip_tracking":false,"_exactmetrics_sitenote_active":false,"_exactmetrics_sitenote_note":"","_exactmetrics_sitenote_category":0,"jetpack_post_was_ever_published":false,"footnotes":""},"class_list":["post-806","page","type-page","status-publish","hentry"],"jetpack_sharing_enabled":true,"jetpack_shortlink":"https:\/\/wp.me\/PaADkW-d0","jetpack-related-posts":[{"id":4115,"url":"https:\/\/puycapel.fr\/index.php\/test-contact\/","url_meta":{"origin":806,"position":0},"title":"test contact","author":"Antoine Puech","date":"30 mai 2021","format":false,"excerpt":"","rel":"","context":"Article similaire","block_context":{"text":"Article similaire","link":""},"img":{"alt_text":"","src":"","width":0,"height":0},"classes":[]},{"id":4394,"url":"https:\/\/puycapel.fr\/index.php\/signalement-biodiversite\/","url_meta":{"origin":806,"position":1},"title":"signalement biodiversit\u00e9","author":"Antoine Puech","date":"2 juin 2021","format":false,"excerpt":"","rel":"","context":"Article similaire","block_context":{"text":"Article similaire","link":""},"img":{"alt_text":"","src":"","width":0,"height":0},"classes":[]},{"id":1198,"url":"https:\/\/puycapel.fr\/index.php\/info-a-communiquer-pour-la-feuille-de-chataigner\/","url_meta":{"origin":806,"position":2},"title":"info a communiquer pour la feuille de chataigner","author":"Antoine Puech","date":"3 juin 2019","format":false,"excerpt":"","rel":"","context":"Article similaire","block_context":{"text":"Article similaire","link":""},"img":{"alt_text":"","src":"","width":0,"height":0},"classes":[]},{"id":696,"url":"https:\/\/puycapel.fr\/index.php\/la-maison-de-la-chataigne\/","url_meta":{"origin":806,"position":3},"title":"La Maison de la ch\u00e2taigne","author":"Mairie Puycapel","date":"18 mars 2019","format":false,"excerpt":"La Maison de la\u00a0Ch\u00e2taigne MOURJOU T\u00e9l\u00e9phone: 04.71.49.98.00 email: maisondelachataigne@gmail.com www.maisondelachataigne.com Facebook.com\/maisondela.chataigne Pr\u00e9sentation de la maison de la ch\u00e2taigne D\u00e9couvrez dans cet espace de d\u00e9couverte ludique l\u2019histoire du ch\u00e2taignier et de la r\u00e9gion qui porte son nom : la Ch\u00e2taigneraie. Entrez dans un monde couleur ch\u00e2taigne, bourr\u00e9 d\u2019images et de sons,\u2026","rel":"","context":"Article similaire","block_context":{"text":"Article similaire","link":""},"img":{"alt_text":"","src":"https:\/\/i0.wp.com\/puycapel.fr\/wp-content\/uploads\/2019\/03\/2017-08-03-20.17.30.jpg?resize=350%2C200","width":350,"height":200,"srcset":"https:\/\/i0.wp.com\/puycapel.fr\/wp-content\/uploads\/2019\/03\/2017-08-03-20.17.30.jpg?resize=350%2C200 1x, https:\/\/i0.wp.com\/puycapel.fr\/wp-content\/uploads\/2019\/03\/2017-08-03-20.17.30.jpg?resize=525%2C300 1.5x, https:\/\/i0.wp.com\/puycapel.fr\/wp-content\/uploads\/2019\/03\/2017-08-03-20.17.30.jpg?resize=700%2C400 2x, https:\/\/i0.wp.com\/puycapel.fr\/wp-content\/uploads\/2019\/03\/2017-08-03-20.17.30.jpg?resize=1050%2C600 3x, https:\/\/i0.wp.com\/puycapel.fr\/wp-content\/uploads\/2019\/03\/2017-08-03-20.17.30.jpg?resize=1400%2C800 4x"},"classes":[]},{"id":1073,"url":"https:\/\/puycapel.fr\/index.php\/site-remarquable-du-gout-mourjou-chataigneraie-cantalienne\/","url_meta":{"origin":806,"position":4},"title":"Site remarquable du go\u00fbt  Mourjou, Ch\u00e2taigneraie cantalienne","author":"Mairie Puycapel","date":"23 mai 2019","format":false,"excerpt":"La Ch\u00e2taigneraie cantalienne a rejoint fin 2018 les 70 sites fran\u00e7ais qui b\u00e9n\u00e9ficient du label \u00ab\u00a0Site remarquable du go\u00fbt\u00a0\u00bb, cr\u00e9\u00e9 en 1995 par les minist\u00e8res de la Culture, du Tourisme, de l\u2019Environnement et de l\u2019agriculture. C\u2019est \u00e9videmment pour son produit embl\u00e9matique qu\u2019est la ch\u00e2taigne que notre pays castanhaire a \u00e9t\u00e9\u2026","rel":"","context":"Article similaire","block_context":{"text":"Article similaire","link":""},"img":{"alt_text":"","src":"https:\/\/i0.wp.com\/puycapel.fr\/wp-content\/uploads\/2019\/05\/LABELOCTOBRE-1.jpg?resize=350%2C200&ssl=1","width":350,"height":200,"srcset":"https:\/\/i0.wp.com\/puycapel.fr\/wp-content\/uploads\/2019\/05\/LABELOCTOBRE-1.jpg?resize=350%2C200&ssl=1 1x, https:\/\/i0.wp.com\/puycapel.fr\/wp-content\/uploads\/2019\/05\/LABELOCTOBRE-1.jpg?resize=525%2C300&ssl=1 1.5x, https:\/\/i0.wp.com\/puycapel.fr\/wp-content\/uploads\/2019\/05\/LABELOCTOBRE-1.jpg?resize=700%2C400&ssl=1 2x, https:\/\/i0.wp.com\/puycapel.fr\/wp-content\/uploads\/2019\/05\/LABELOCTOBRE-1.jpg?resize=1050%2C600&ssl=1 3x, https:\/\/i0.wp.com\/puycapel.fr\/wp-content\/uploads\/2019\/05\/LABELOCTOBRE-1.jpg?resize=1400%2C800&ssl=1 4x"},"classes":[]},{"id":1916,"url":"https:\/\/puycapel.fr\/index.php\/envie-dune-petite-balade\/","url_meta":{"origin":806,"position":5},"title":"Envie d&#39;une petite balade?","author":"Mairie Puycapel","date":"13 janvier 2020","format":false,"excerpt":"Plusieurs parcours sont possibles au d\u00e9part de Mourjou et de Calvinet. Le Conseil d\u00e9partemental a class\u00e9 en 2021 au Plan D\u00e9partemental des Itin\u00e9raires de Promenade et de Randonn\u00e9e (PDIPR), l'itin\u00e9raire d\u00e9nomm\u00e9 \"Au coeur des ch\u00e2taigniers\". Il traverse les communes de Puycapel, Cassaniouze et S\u00e9nezergues, et est long de trente-cinq kilom\u00e8tres\u2026","rel":"","context":"Article similaire","block_context":{"text":"Article similaire","link":""},"img":{"alt_text":"","src":"https:\/\/i0.wp.com\/puycapel.fr\/wp-content\/uploads\/2020\/01\/sentier-mdcp1.jpg?resize=350%2C200&ssl=1","width":350,"height":200,"srcset":"https:\/\/i0.wp.com\/puycapel.fr\/wp-content\/uploads\/2020\/01\/sentier-mdcp1.jpg?resize=350%2C200&ssl=1 1x, https:\/\/i0.wp.com\/puycapel.fr\/wp-content\/uploads\/2020\/01\/sentier-mdcp1.jpg?resize=525%2C300&ssl=1 1.5x, https:\/\/i0.wp.com\/puycapel.fr\/wp-content\/uploads\/2020\/01\/sentier-mdcp1.jpg?resize=700%2C400&ssl=1 2x, https:\/\/i0.wp.com\/puycapel.fr\/wp-content\/uploads\/2020\/01\/sentier-mdcp1.jpg?resize=1050%2C600&ssl=1 3x"},"classes":[]}],"_links":{"self":[{"href":"https:\/\/puycapel.fr\/index.php\/wp-json\/wp\/v2\/pages\/806","targetHints":{"allow":["GET"]}}],"collection":[{"href":"https:\/\/puycapel.fr\/index.php\/wp-json\/wp\/v2\/pages"}],"about":[{"href":"https:\/\/puycapel.fr\/index.php\/wp-json\/wp\/v2\/types\/page"}],"author":[{"embeddable":true,"href":"https:\/\/puycapel.fr\/index.php\/wp-json\/wp\/v2\/users\/3"}],"replies":[{"embeddable":true,"href":"https:\/\/puycapel.fr\/index.php\/wp-json\/wp\/v2\/comments?post=806"}],"version-history":[{"count":10,"href":"https:\/\/puycapel.fr\/index.php\/wp-json\/wp\/v2\/pages\/806\/revisions"}],"predecessor-version":[{"id":1205,"href":"https:\/\/puycapel.fr\/index.php\/wp-json\/wp\/v2\/pages\/806\/revisions\/1205"}],"wp:attachment":[{"href":"https:\/\/puycapel.fr\/index.php\/wp-json\/wp\/v2\/media?parent=806"}],"curies":[{"name":"wp","href":"https:\/\/api.w.org\/{rel}","templated":true}]}}