{"id":83,"date":"2019-01-02T22:10:16","date_gmt":"2019-01-02T21:10:16","guid":{"rendered":"http:\/\/puycapel.fr\/?page_id=83"},"modified":"2026-01-05T10:27:22","modified_gmt":"2026-01-05T09:27:22","slug":"contactez-nous","status":"publish","type":"page","link":"https:\/\/puycapel.fr\/index.php\/accueil\/contactez-nous\/","title":{"rendered":"La municipalit\u00e9"},"content":{"rendered":"\n<p>Tatiana et Nathalie vous accueillent aux secr\u00e9tariats de Mairie<\/p>\n\n\n\n<p class=\"has-text-align-center\"><strong>Calvinet:<\/strong><\/p>\n\n\n\n<p class=\"has-text-align-center\">Mardi, jeudi et vendredi de 13h30 \u00e0 16h30<\/p>\n\n\n\n<p class=\"has-text-align-center\">Place Jean de Bonnefon Calvinet<\/p>\n\n\n\n<p class=\"has-text-align-center\">T\u00e9l. <a href=\"tel:+33471499432\">04 71 49 94 32<\/a><\/p>\n\n\n\n<p class=\"has-text-align-center\"><strong>Mourjou<\/strong>:<\/p>\n\n\n\n<p class=\"has-text-align-center\"><br>Mardi, jeudi et vendredi matin&nbsp;de 9h \u00e0 12h00.<\/p>\n\n\n\n<p class=\"has-text-align-center\">Le bourg Mourjou<\/p>\n\n\n\n<p class=\"has-text-align-center\">Tel :&nbsp;<a rel=\"noreferrer noopener\" href=\"tel:+33471499637\" target=\"_blank\">04 71 49 96 37<\/a><\/p>\n\n\n\n<p>Vous pouvez aussi nous contacter par email : <a href=\"mailto:mairie@puycapel.fr\">mairie@puycapel.fr<\/a><\/p>\n\n\n\n<p><a href=\"https:\/\/puycapel.fr\/index.php\/contact\/formalites-administratives\/\">LIEN VERS LA PAGE DES FORMALITES ADMINISTRATIVES<\/a><\/p>\n","protected":false},"excerpt":{"rendered":"<p>Tatiana et Nathalie vous accueillent aux secr\u00e9tariats de Mairie Calvinet: Mardi, jeudi et vendredi de 13h30 \u00e0 16h30 Place Jean de Bonnefon Calvinet T\u00e9l. 04 71 49 94 32 Mourjou: Mardi, jeudi et vendredi matin&nbsp;de 9h \u00e0 12h00. Le bourg Mourjou Tel :&nbsp;04 71 49 96 37 Vous pouvez aussi nous contacter par email : [&hellip;]<\/p>\n","protected":false},"author":1,"featured_media":0,"parent":7,"menu_order":0,"comment_status":"closed","ping_status":"closed","template":"","meta":{"_exactmetrics_skip_tracking":false,"_exactmetrics_sitenote_active":false,"_exactmetrics_sitenote_note":"","_exactmetrics_sitenote_category":0,"jetpack_post_was_ever_published":false,"footnotes":""},"class_list":["post-83","page","type-page","status-publish","hentry"],"jetpack_sharing_enabled":true,"jetpack_shortlink":"https:\/\/wp.me\/PaADkW-1l","jetpack-related-posts":[{"id":9786,"url":"https:\/\/puycapel.fr\/index.php\/contacts-renseignements\/","url_meta":{"origin":83,"position":0},"title":"Contacts &amp; renseignements","author":"Mairie Puycapel","date":"17 f\u00e9vrier 2025","format":false,"excerpt":"ADRESSES POSTALES MAIRIES Mairie si\u00e8ge CALVINET, 1 place Jean de Bonnefon CALVINET 15340 PUYCAPELMairie d\u00e9l\u00e9gu\u00e9e MOURJOU, Rue du P\u00e9lou MOURJOU 15340 PUYCAPEL HORAIRES D'OUVERTURE AU PUBLIC des MAIRIES: CALVINET : mardi, jeudi, vendredi 13h30 \u00e0 16h30 - T\u00e9l\u00e9phone: 04 71 49 94 32 MOURJOU : mardi, jeudi, vendredi 9h00 \u00e0\u2026","rel":"","context":"Article similaire","block_context":{"text":"Article similaire","link":""},"img":{"alt_text":"","src":"","width":0,"height":0},"classes":[]},{"id":2883,"url":"https:\/\/puycapel.fr\/index.php\/urbanisme\/","url_meta":{"origin":83,"position":1},"title":"Urbanisme","author":"Mairie Puycapel","date":"4 septembre 2020","format":false,"excerpt":"--En priorit\u00e9 d\u00e9posez vos demandes d'urbanisme le mardi, jeudi matin (Mourjou) et vendredi apr\u00e8s-midi (Calvinet)- Les dossiers d'urbanisme sont enregistr\u00e9s en mairie et instruits ensuite par le Service ADS (Autorisation Droit des Sols) de la Communaut\u00e9 d'Agglom\u00e9ration du Bassin d'Aurillac. Pour toute demande de renseignements sur votre projet vous pouvez\u2026","rel":"","context":"Article similaire","block_context":{"text":"Article similaire","link":""},"img":{"alt_text":"","src":"","width":0,"height":0},"classes":[]},{"id":411,"url":"https:\/\/puycapel.fr\/index.php\/accueil\/contactez-nous\/lecole-de-puycapel-paiement-tipi\/","url_meta":{"origin":83,"position":2},"title":"L&rsquo;\u00e9cole de Puycapel","author":"Antoine Puech","date":"11 f\u00e9vrier 2019","format":false,"excerpt":"Restauration scolaire La cantine scolaire est \u00e0 la disposition des enfants de l\u2019\u00e9cole tout au long de l\u2019ann\u00e9e scolaire. Les d\u00e9jeuners sont pr\u00e9par\u00e9s par un agent communal, charg\u00e9 \u00e9galement de l\u2019approvisionnement des denr\u00e9es alimentaires. Nous privil\u00e9gions les commerces et producteurs de proximit\u00e9. Le prix du repas est de 2,90\u20ac\u00a0(Rentr\u00e9e 2024\/2025)\u2026","rel":"","context":"Article similaire","block_context":{"text":"Article similaire","link":""},"img":{"alt_text":"","src":"https:\/\/i0.wp.com\/puycapel.fr\/wp-content\/uploads\/2020\/02\/tipi2-150x150-1.jpg?resize=350%2C200&ssl=1","width":350,"height":200},"classes":[]},{"id":850,"url":"https:\/\/puycapel.fr\/index.php\/la-mediatheque\/","url_meta":{"origin":83,"position":3},"title":"La m\u00e9diath\u00e8que","author":"Mairie Puycapel","date":"18 avril 2019","format":false,"excerpt":"Tel: 04 71 49 69 34 Le Mas Mourjou 15340 Puycapelmediathequemourjou@orange.fr Depuis 1993, date de sa cr\u00e9ation, la m\u00e9diath\u00e8que est devenue un lieu de vie incontournable. En 2003, les locaux se sont agrandis. Plus spacieux, ils permettent \u00e0 chacun de trouver son espace, du c\u00f4t\u00e9 de la ludoth\u00e8que pour les\u2026","rel":"","context":"Article similaire","block_context":{"text":"Article similaire","link":""},"img":{"alt_text":"","src":"https:\/\/i0.wp.com\/puycapel.fr\/wp-content\/uploads\/2019\/04\/ph-bib3.jpg?resize=350%2C200&ssl=1","width":350,"height":200,"srcset":"https:\/\/i0.wp.com\/puycapel.fr\/wp-content\/uploads\/2019\/04\/ph-bib3.jpg?resize=350%2C200&ssl=1 1x, https:\/\/i0.wp.com\/puycapel.fr\/wp-content\/uploads\/2019\/04\/ph-bib3.jpg?resize=525%2C300&ssl=1 1.5x, https:\/\/i0.wp.com\/puycapel.fr\/wp-content\/uploads\/2019\/04\/ph-bib3.jpg?resize=700%2C400&ssl=1 2x, https:\/\/i0.wp.com\/puycapel.fr\/wp-content\/uploads\/2019\/04\/ph-bib3.jpg?resize=1050%2C600&ssl=1 3x, https:\/\/i0.wp.com\/puycapel.fr\/wp-content\/uploads\/2019\/04\/ph-bib3.jpg?resize=1400%2C800&ssl=1 4x"},"classes":[]},{"id":2370,"url":"https:\/\/puycapel.fr\/index.php\/location-de-vacances-a-puycapel\/","url_meta":{"origin":83,"position":4},"title":"Locations de vacances \u00e0 Puycapel","author":"Antoine Puech","date":"7 avril 2020","format":false,"excerpt":"Chambres d'h\u00e9bergement: Auberge communale - Mourjou: 4 chambres d\u2019h\u00f4tes -dont 1 pour personnes \u00e0 mobilit\u00e9 r\u00e9duite et 1 familiale. Renseignements au 04 71 48 25 47 (https:\/\/www.facebook.com\/aubergedemourjou) G\u00eetes et meubl\u00e9s par ordre alphab\u00e9tique: trouvez dans ce tableau les liens email , sites web et t\u00e9l\u00e9phone lorsque disponibles Propri\u00e9taires - emailLocalisationSite\u2026","rel":"","context":"Article similaire","block_context":{"text":"Article similaire","link":""},"img":{"alt_text":"","src":"","width":0,"height":0},"classes":[]},{"id":656,"url":"https:\/\/puycapel.fr\/index.php\/les-bonnes-adresses\/commerces-et-services\/","url_meta":{"origin":83,"position":5},"title":"Commerces et services","author":"Mairie Puycapel","date":"18 mars 2019","format":false,"excerpt":"Agriculture Proxiel \u2013 aliment b\u00e9tail, engrais\u00a0: Rue du Colombier CALVINET Alimentation EPICERIE\u00a0: SARL ROUQUIER Sup\u00e9rette 8 \u00e0 8: Alimentation g\u00e9n\u00e9rale, produits r\u00e9gionaux et locaux, presse, fruits et l\u00e9gumes, fromage \u00e0 la coupe, charcuterie etc. \u2013 Rue de la Ch\u00e2taigneraie CALVINET T\u00e9l : \u00a004 71 49 91 65 ou sarl.rouquier@orange.fr BOULANGERIE:\u2026","rel":"","context":"Article similaire","block_context":{"text":"Article similaire","link":""},"img":{"alt_text":"","src":"","width":0,"height":0},"classes":[]}],"_links":{"self":[{"href":"https:\/\/puycapel.fr\/index.php\/wp-json\/wp\/v2\/pages\/83","targetHints":{"allow":["GET"]}}],"collection":[{"href":"https:\/\/puycapel.fr\/index.php\/wp-json\/wp\/v2\/pages"}],"about":[{"href":"https:\/\/puycapel.fr\/index.php\/wp-json\/wp\/v2\/types\/page"}],"author":[{"embeddable":true,"href":"https:\/\/puycapel.fr\/index.php\/wp-json\/wp\/v2\/users\/1"}],"replies":[{"embeddable":true,"href":"https:\/\/puycapel.fr\/index.php\/wp-json\/wp\/v2\/comments?post=83"}],"version-history":[{"count":12,"href":"https:\/\/puycapel.fr\/index.php\/wp-json\/wp\/v2\/pages\/83\/revisions"}],"predecessor-version":[{"id":10702,"href":"https:\/\/puycapel.fr\/index.php\/wp-json\/wp\/v2\/pages\/83\/revisions\/10702"}],"up":[{"embeddable":true,"href":"https:\/\/puycapel.fr\/index.php\/wp-json\/wp\/v2\/pages\/7"}],"wp:attachment":[{"href":"https:\/\/puycapel.fr\/index.php\/wp-json\/wp\/v2\/media?parent=83"}],"curies":[{"name":"wp","href":"https:\/\/api.w.org\/{rel}","templated":true}]}}