{"id":8420,"date":"2023-09-11T11:50:07","date_gmt":"2023-09-11T09:50:07","guid":{"rendered":"https:\/\/puycapel.fr\/?page_id=8420"},"modified":"2023-09-27T09:18:01","modified_gmt":"2023-09-27T07:18:01","slug":"avis-denquete-publique-3","status":"publish","type":"page","link":"https:\/\/puycapel.fr\/index.php\/avis-denquete-publique-3\/","title":{"rendered":"AVIS D&rsquo;ENQUETE PUBLIQUE"},"content":{"rendered":"\n<p><strong>Relative \u00e0 la d\u00e9saffectation, pour ali\u00e9nation du chemin rural situ\u00e9 au lieu-dit Le Loriot \u00e0 Mourjou, Commune de PUYCAPEL.<\/strong><\/p>\n\n\n\n<p class=\"has-text-align-center\">******************<\/p>\n\n\n\n<p class=\"has-text-align-center has-white-color has-luminous-vivid-orange-background-color has-text-color has-background\"><a href=\"https:\/\/puycapel.fr\/wp-content\/uploads\/2023\/09\/DOSSIER-DENQUETE-PUBLIQUE.pdf\"><strong>DOSSIER D&rsquo;ENQUETE PUBLIQUE pour consultation<\/strong><\/a><\/p>\n\n\n\n<p class=\"has-text-align-center\">*****************<\/p>\n\n\n\n<p><a href=\"https:\/\/puycapel.fr\/wp-content\/uploads\/2023\/09\/Arrete-Enquete-publique.pdf\">Arr\u00eat\u00e9 d\u2019ouverture d\u2019enqu\u00eate publique<\/a>&nbsp;(t\u00e9l\u00e9chargez l\u2019arr\u00eat\u00e9 en cliquant sur les deux images ci-dessous)<\/p>\n\n\n\n<div data-wp-interactive=\"core\/file\" class=\"wp-block-file\"><object data-wp-bind--hidden=\"!state.hasPdfPreview\" hidden class=\"wp-block-file__embed\" data=\"https:\/\/puycapel.fr\/wp-content\/uploads\/2023\/09\/Arrete-Enquete-publique.pdf\" type=\"application\/pdf\" style=\"width:100%;height:600px\" aria-label=\"Contenu embarqu\u00e9 Arr\u00eat\u00e9 Enqu\u00eate publique.\"><\/object><a id=\"wp-block-file--media-ba17049b-7c72-46c9-81b8-fd88412a359a\" href=\"https:\/\/puycapel.fr\/wp-content\/uploads\/2023\/09\/Arrete-Enquete-publique.pdf\">Arr\u00eat\u00e9 Enqu\u00eate publique<\/a><a href=\"https:\/\/puycapel.fr\/wp-content\/uploads\/2023\/09\/Arrete-Enquete-publique.pdf\" class=\"wp-block-file__button wp-element-button\" download aria-describedby=\"wp-block-file--media-ba17049b-7c72-46c9-81b8-fd88412a359a\">T\u00e9l\u00e9charger<\/a><\/div>\n","protected":false},"excerpt":{"rendered":"<p>Relative \u00e0 la d\u00e9saffectation, pour ali\u00e9nation du chemin rural situ\u00e9 au lieu-dit Le Loriot \u00e0 Mourjou, Commune de PUYCAPEL. ****************** DOSSIER D&rsquo;ENQUETE PUBLIQUE pour consultation ***************** Arr\u00eat\u00e9 d\u2019ouverture d\u2019enqu\u00eate publique&nbsp;(t\u00e9l\u00e9chargez l\u2019arr\u00eat\u00e9 en cliquant sur les deux images ci-dessous)<\/p>\n","protected":false},"author":2,"featured_media":0,"parent":0,"menu_order":0,"comment_status":"closed","ping_status":"closed","template":"","meta":{"_exactmetrics_skip_tracking":false,"_exactmetrics_sitenote_active":false,"_exactmetrics_sitenote_note":"","_exactmetrics_sitenote_category":0,"jetpack_post_was_ever_published":false,"footnotes":""},"class_list":["post-8420","page","type-page","status-publish","hentry"],"jetpack_sharing_enabled":true,"jetpack_shortlink":"https:\/\/wp.me\/PaADkW-2bO","jetpack-related-posts":[{"id":5945,"url":"https:\/\/puycapel.fr\/index.php\/extension-de-lusine-interlab-participation-du-public-par-voie-electronique\/","url_meta":{"origin":8420,"position":0},"title":"EXTENSION DE L&rsquo;USINE INTERLAB &#8211; PARTICIPATION DU PUBLIC PAR VOIE ELECTRONIQUE","author":"Antoine Puech","date":"27 octobre 2021","format":false,"excerpt":"Avis-dinformation-du-public-defrichementT\u00e9l\u00e9charger Avis-dinformation-du-public-PCT\u00e9l\u00e9charger PC-EXTENSION-USINE-INTERLAB-procedure-de-participation-du-public-par-voie-electroniqueT\u00e9l\u00e9charger DOCUMENTS MIS A DISPOSITION DU PUBLIC\u00a0\u00bb\u00a0- Publication du 12 novembre 2021 1-Arrete-douverture-de-la-participation-du-public-par-voie-electroniqueT\u00e9l\u00e9charger 2-Avis-douverture-de-la-procedure-de-PVE-du-PublicT\u00e9l\u00e9charger 3-INT2_PC1_Plan-de-SituationT\u00e9l\u00e9charger 3-INT2_PC2.1_A1_Plan-de-masse-ExistantT\u00e9l\u00e9charger 3-INT2_PC2.2_A1_Plan-de-masse-ProjetT\u00e9l\u00e9charger 3-INT2_PC3_A3_Coupes-sur-terrainT\u00e9l\u00e9charger 3-INT2_PC4_Notice-ArchitecturaleT\u00e9l\u00e9charger 3-INT2_PC5_Batiment-ProductionT\u00e9l\u00e9charger 3-INT2_PC5_Batiment-StockageT\u00e9l\u00e9charger 3-INT2_PC5_Locaux-TechniquesT\u00e9l\u00e9charger 3-INT2_PC6_Insertion-ProjetT\u00e9l\u00e9charger 3-INT2_PC7-8_PhotosT\u00e9l\u00e9charger 3-INT2_PC11-3_Conformite-ANCT\u00e9l\u00e9charger 3-INT2_PC21_Reglementation-ThermiqueT\u00e9l\u00e9charger 3-INT2_PC24_Autorisation-Defrichement_RecepisseT\u00e9l\u00e9charger 3-INT2_PC25_ICPET\u00e9l\u00e9charger 3-INT2_PC32_Division-parcellaireT\u00e9l\u00e9charger 4-ETUDE-DIMPACT-ENVIRONNEMENTALT\u00e9l\u00e9charger 5-DECISION-DE-LAUTORITE-ENVIRONNEMENTALET\u00e9l\u00e9charger 6-AVIS-MISSION-REGIONALE-DAUTORITE-ENVIRONNEMENTALET\u00e9l\u00e9charger 7-REPONSE-A-AVIS-DE-LA-MISSION-REGIONALE-DAUTORITE-ENVIRONNEMENTALET\u00e9l\u00e9charger Publication du 24\/12\/2021 BILAN-PVE-DU-23-12-2021T\u00e9l\u00e9charger ANNEXE-1-Arrete-douverture-de-la-participation-du-public-par-voie-electroniqueT\u00e9l\u00e9charger ANNEXES-2-ANNEXE-6-ANNEXE-8certificat-affichageT\u00e9l\u00e9charger ANNEXE-3-Captures-decran-Site-InternetT\u00e9l\u00e9charger ANNEXE-4-Avis-douverture-de-la-procedure-de-PVE-du-PublicT\u00e9l\u00e9charger ANNEXE-4-1-Avis-dinformation-La-MontagneT\u00e9l\u00e9charger ANNEXE-4-2Avis-dinformation-UART\u00e9l\u00e9charger ANNEXE-5-Affichage-PVE-MAIRIET\u00e9l\u00e9charger Annexe-6-certificat-daffichage-en-date-du-16-decembre-2021T\u00e9l\u00e9charger ANNEXE-7-affichage-a-lusine-IINTERLABT\u00e9l\u00e9charger Annexe-8-certificat-daffichage-en-date-du-16-decembre-2021T\u00e9l\u00e9charger","rel":"","context":"Article similaire","block_context":{"text":"Article similaire","link":""},"img":{"alt_text":"","src":"","width":0,"height":0},"classes":[]},{"id":231,"url":"https:\/\/puycapel.fr\/index.php\/accueil\/les-associations-de-puycapel\/comite-danimation-de-calvinet\/","url_meta":{"origin":8420,"position":1},"title":"Comit\u00e9 d&rsquo;animation de Calvinet","author":"Antoine Puech","date":"26 janvier 2019","format":false,"excerpt":"D\u00e9clar\u00e9e le\u00a0 28\/10\/2002 en Pr\u00e9fecture n\u00b0\u00a0:W151000836 Siege social\u00a0 mairie de CALVINET\u00a0 association r\u00e9gie par la loi de 1901 OBJET\u00a0 \/ Animations touristiques, organisation de f\u00eates et spectacles Principales activit\u00e9s\u00a0: *repas\u00a0\/vente choux farcis\u00a0 le 13 juillet \u00a0\u00a0\u00a0\u00a0\u00a0\u00a0\u00a0\u00a0\u00a0\u00a0\u00a0 \u00a0\u00a0\u00a0\u00a0\u00a0\u00a0\u00a0\u00a0\u00a0\u00a0\u00a0\u00a0\u00a0\u00a0\u00a0\u00a0\u00a0\u00a0\u00a0\u00a0\u00a0\u00a0\u00a0\u00a0\u00a0\u00a0\u00a0\u00a0\u00a0\u00a0\u00a0\u00a0\u00a0\u00a0 *pique nique g\u00e9ant le 14 \u00a0 Juillet\u00a0 terrain de foot \u00a0\u00a0\u00a0\u00a0\u00a0\u00a0\u00a0\u00a0\u00a0\u00a0\u00a0\u00a0\u00a0\u00a0\u00a0\u00a0\u00a0\u00a0\u00a0\u00a0\u00a0\u00a0\u00a0\u00a0\u00a0\u00a0\u00a0\u00a0\u00a0\u00a0\u00a0\u00a0\u00a0\u00a0\u00a0\u00a0\u00a0\u00a0\u00a0\u00a0\u00a0\u00a0\u00a0\u00a0\u00a0\u00a0 *d\u00e9cembre organisation\u2026","rel":"","context":"Article similaire","block_context":{"text":"Article similaire","link":""},"img":{"alt_text":"","src":"","width":0,"height":0},"classes":[]},{"id":92,"url":"https:\/\/puycapel.fr\/index.php\/poitique-de-confidentialite\/","url_meta":{"origin":8420,"position":2},"title":"Politique de Confidentialit\u00e9 et Mentions l\u00e9gales","author":"admin5620","date":"3 janvier 2019","format":false,"excerpt":"Qui sommes-nous\u00a0? L\u2019adresse de notre site Web est\u00a0: https:\/\/www.puycapel.fr. Directeur de la publication : Mr\u00a0Fran\u00e7ois Danemans et Mr Raymond Delcamp Editeur : Mairie de Puycapel H\u00e9bergeur :\u00a0OVH Le contenu est fourni \u00e0 titre informatif et peut contenir des erreurs , nous faisons tout pour y rem\u00e9dier. N\u2019h\u00e9sitez pas \u00e0 nous\u2026","rel":"","context":"Article similaire","block_context":{"text":"Article similaire","link":""},"img":{"alt_text":"","src":"","width":0,"height":0},"classes":[]},{"id":1754,"url":"https:\/\/puycapel.fr\/index.php\/calvinet-et-eustache-de-beaumarchais\/","url_meta":{"origin":8420,"position":3},"title":"Calvinet et Eustache de Beaumarchais","author":"Antoine Puech","date":"24 novembre 2019","format":false,"excerpt":"Extrait de la notice historique sur le canton de Montsalvy, r\u00e9dig\u00e9e par Gabriel ESQUER (1876-1961), archiviste du d\u00e9partement du Cantal entre 1903 et 1909, publi\u00e9e dans les \u00e9ditions successives de l\u2019annuaire de l\u2019Association amicale des originaires du canton de Montsalvy. Le pr\u00e9sent extrait est tir\u00e9 de l\u2019\u00e9dition de cet annuaire\u2026","rel":"","context":"Article similaire","block_context":{"text":"Article similaire","link":""},"img":{"alt_text":"","src":"","width":0,"height":0},"classes":[]},{"id":1751,"url":"https:\/\/puycapel.fr\/index.php\/notre-dame-de-lauriol\/","url_meta":{"origin":8420,"position":4},"title":"Notre Dame de Lauriol","author":"Antoine Puech","date":"24 novembre 2019","format":false,"excerpt":"NOTRE DAME DE LAURIOL 1.Histoire de la Vierge de Lauriol La vierge de Lauriol se trouve sur le territoire de Cassaniouze, dans un bois de sapin, \u00e0 droite du chemin qui m\u00e8ne \u00e0 Lauriol, quelques dizaines de m\u00e8tres apr\u00e8s le croisement du chemin qui m\u00e8ne \u00e0 Ayrolles-Vieilles. Cette vierge a\u2026","rel":"","context":"Article similaire","block_context":{"text":"Article similaire","link":""},"img":{"alt_text":"ndloriol2","src":"https:\/\/i0.wp.com\/www.calvinet.fr\/wp-content\/uploads\/2015\/10\/ndloriol2-225x300.jpg?resize=350%2C200","width":350,"height":200},"classes":[]},{"id":3755,"url":"https:\/\/puycapel.fr\/index.php\/test-carte-terrains-a-vendre\/","url_meta":{"origin":8420,"position":5},"title":"Terrains \u00e0 vendre \u00e0 Puycapel","author":"Antoine Puech","date":"3 avril 2021","format":false,"excerpt":"Des terrains constructibles sont \u00e0 vendre \u00e0 PUYCAPEL. Pour tous renseignements contactez la mairie : MOURJOU (matin) 04 71 49 96 37 CALVINET (apr\u00e8s-midi) 04 71 49 94 32","rel":"","context":"Article similaire","block_context":{"text":"Article similaire","link":""},"img":{"alt_text":"","src":"","width":0,"height":0},"classes":[]}],"_links":{"self":[{"href":"https:\/\/puycapel.fr\/index.php\/wp-json\/wp\/v2\/pages\/8420","targetHints":{"allow":["GET"]}}],"collection":[{"href":"https:\/\/puycapel.fr\/index.php\/wp-json\/wp\/v2\/pages"}],"about":[{"href":"https:\/\/puycapel.fr\/index.php\/wp-json\/wp\/v2\/types\/page"}],"author":[{"embeddable":true,"href":"https:\/\/puycapel.fr\/index.php\/wp-json\/wp\/v2\/users\/2"}],"replies":[{"embeddable":true,"href":"https:\/\/puycapel.fr\/index.php\/wp-json\/wp\/v2\/comments?post=8420"}],"version-history":[{"count":5,"href":"https:\/\/puycapel.fr\/index.php\/wp-json\/wp\/v2\/pages\/8420\/revisions"}],"predecessor-version":[{"id":8470,"href":"https:\/\/puycapel.fr\/index.php\/wp-json\/wp\/v2\/pages\/8420\/revisions\/8470"}],"wp:attachment":[{"href":"https:\/\/puycapel.fr\/index.php\/wp-json\/wp\/v2\/media?parent=8420"}],"curies":[{"name":"wp","href":"https:\/\/api.w.org\/{rel}","templated":true}]}}