{"id":850,"date":"2019-04-18T15:17:23","date_gmt":"2019-04-18T13:17:23","guid":{"rendered":"https:\/\/puycapel.fr\/?page_id=850"},"modified":"2024-12-02T16:43:10","modified_gmt":"2024-12-02T15:43:10","slug":"la-mediatheque","status":"publish","type":"page","link":"https:\/\/puycapel.fr\/index.php\/la-mediatheque\/","title":{"rendered":"La m\u00e9diath\u00e8que"},"content":{"rendered":"\n<p> Tel: <a rel=\"noreferrer noopener\" href=\"tel:+33471496934\" target=\"_blank\">04 71 49 69 34<\/a><br> Le Mas Mourjou 15340 Puycapel<br><a rel=\"noreferrer noopener\" href=\"mailto:mediathequemourjou@orange.fr\" target=\"_blank\">mediathequemourjou@orange.fr<\/a><\/p>\n\n\n\n<p>Depuis 1993, date de sa cr\u00e9ation, la m\u00e9diath\u00e8que est devenue un lieu de vie incontournable.<\/p>\n\n\n<div class=\"wp-block-image\">\n<figure class=\"alignleft is-resized\"><img loading=\"lazy\" decoding=\"async\" width=\"2048\" height=\"1360\" data-attachment-id=\"857\" data-permalink=\"https:\/\/puycapel.fr\/index.php\/la-mediatheque\/ph-bib3\/\" data-orig-file=\"https:\/\/i0.wp.com\/puycapel.fr\/wp-content\/uploads\/2019\/04\/ph-bib3.jpg?fit=2048%2C1360&amp;ssl=1\" data-orig-size=\"2048,1360\" data-comments-opened=\"0\" data-image-meta=\"{&quot;aperture&quot;:&quot;0&quot;,&quot;credit&quot;:&quot;&quot;,&quot;camera&quot;:&quot;&quot;,&quot;caption&quot;:&quot;&quot;,&quot;created_timestamp&quot;:&quot;0&quot;,&quot;copyright&quot;:&quot;&quot;,&quot;focal_length&quot;:&quot;0&quot;,&quot;iso&quot;:&quot;0&quot;,&quot;shutter_speed&quot;:&quot;0&quot;,&quot;title&quot;:&quot;&quot;,&quot;orientation&quot;:&quot;0&quot;}\" data-image-title=\"ph-bib3\" data-image-description=\"\" data-image-caption=\"\" data-medium-file=\"https:\/\/i0.wp.com\/puycapel.fr\/wp-content\/uploads\/2019\/04\/ph-bib3.jpg?fit=300%2C199&amp;ssl=1\" data-large-file=\"https:\/\/i0.wp.com\/puycapel.fr\/wp-content\/uploads\/2019\/04\/ph-bib3.jpg?fit=1024%2C680&amp;ssl=1\" src=\"https:\/\/i2.wp.com\/puycapel.fr\/wp-content\/uploads\/2019\/04\/ph-bib3.jpg?fit=1024%2C680&amp;ssl=1\" alt=\"\" class=\"wp-image-857\" style=\"width:285px;height:189px\" srcset=\"https:\/\/i0.wp.com\/puycapel.fr\/wp-content\/uploads\/2019\/04\/ph-bib3.jpg?w=2048&amp;ssl=1 2048w, https:\/\/i0.wp.com\/puycapel.fr\/wp-content\/uploads\/2019\/04\/ph-bib3.jpg?resize=300%2C199&amp;ssl=1 300w, https:\/\/i0.wp.com\/puycapel.fr\/wp-content\/uploads\/2019\/04\/ph-bib3.jpg?resize=768%2C510&amp;ssl=1 768w, https:\/\/i0.wp.com\/puycapel.fr\/wp-content\/uploads\/2019\/04\/ph-bib3.jpg?resize=1024%2C680&amp;ssl=1 1024w, https:\/\/i0.wp.com\/puycapel.fr\/wp-content\/uploads\/2019\/04\/ph-bib3.jpg?resize=1320%2C877&amp;ssl=1 1320w\" sizes=\"auto, (max-width: 1000px) 100vw, 1000px\" \/><\/figure>\n<\/div>\n\n\n<p>En 2003, les locaux se sont agrandis. \nPlus spacieux, ils permettent \u00e0 chacun de trouver son espace, du c\u00f4t\u00e9 de\n la ludoth\u00e8que pour les plus petits, au coin lecture, ou encore \u00e0 \nl\u2019\u00e9tage pour admirer les diff\u00e9rentes expositions.<br>\nDes animations sont mises en place tout au long de l\u2019ann\u00e9e: ateliers de patois, ateliers cr\u00e9atifs, spectacles\u2026<\/p>\n\n\n\n<p>L\u2019acc\u00e8s \u00e0 la m\u00e9diath\u00e8que est gratuit&nbsp;(ch\u00e8que de caution demand\u00e9 pour les vacanciers).<\/p>\n\n\n\n<p>Vous y trouverez un large choix de \nlivres, CD, DVD, jeux, jouets, CD rom, magazines, documentations sur la \nr\u00e9gion, pr\u00eat\u00e9s en partie par la M\u00e9diath\u00e8que D\u00e9partementale. (Dur\u00e9e de \npr\u00eat de 1 \u00e0 3 semaines \u2013 maximum 10 documents)<\/p>\n\n\n\n<p><strong>Un libre acc\u00e8s \u00e0 internet est aussi \u00e0 disposition<\/strong><\/p>\n\n\n<div class=\"wp-block-image\">\n<figure class=\"alignright is-resized\"><img loading=\"lazy\" decoding=\"async\" width=\"2048\" height=\"1360\" data-attachment-id=\"856\" data-permalink=\"https:\/\/puycapel.fr\/index.php\/la-mediatheque\/ph-bib2-1\/\" data-orig-file=\"https:\/\/i0.wp.com\/puycapel.fr\/wp-content\/uploads\/2019\/04\/ph-bib2-1.jpg?fit=2048%2C1360&amp;ssl=1\" data-orig-size=\"2048,1360\" data-comments-opened=\"0\" data-image-meta=\"{&quot;aperture&quot;:&quot;0&quot;,&quot;credit&quot;:&quot;&quot;,&quot;camera&quot;:&quot;&quot;,&quot;caption&quot;:&quot;&quot;,&quot;created_timestamp&quot;:&quot;0&quot;,&quot;copyright&quot;:&quot;&quot;,&quot;focal_length&quot;:&quot;0&quot;,&quot;iso&quot;:&quot;0&quot;,&quot;shutter_speed&quot;:&quot;0&quot;,&quot;title&quot;:&quot;&quot;,&quot;orientation&quot;:&quot;0&quot;}\" data-image-title=\"ph-bib2-1\" data-image-description=\"\" data-image-caption=\"\" data-medium-file=\"https:\/\/i0.wp.com\/puycapel.fr\/wp-content\/uploads\/2019\/04\/ph-bib2-1.jpg?fit=300%2C199&amp;ssl=1\" data-large-file=\"https:\/\/i0.wp.com\/puycapel.fr\/wp-content\/uploads\/2019\/04\/ph-bib2-1.jpg?fit=1024%2C680&amp;ssl=1\" src=\"https:\/\/i2.wp.com\/puycapel.fr\/wp-content\/uploads\/2019\/04\/ph-bib2-1.jpg?fit=1024%2C680&amp;ssl=1\" alt=\"\" class=\"wp-image-856\" style=\"width:268px;height:178px\" srcset=\"https:\/\/i0.wp.com\/puycapel.fr\/wp-content\/uploads\/2019\/04\/ph-bib2-1.jpg?w=2048&amp;ssl=1 2048w, https:\/\/i0.wp.com\/puycapel.fr\/wp-content\/uploads\/2019\/04\/ph-bib2-1.jpg?resize=300%2C199&amp;ssl=1 300w, https:\/\/i0.wp.com\/puycapel.fr\/wp-content\/uploads\/2019\/04\/ph-bib2-1.jpg?resize=768%2C510&amp;ssl=1 768w, https:\/\/i0.wp.com\/puycapel.fr\/wp-content\/uploads\/2019\/04\/ph-bib2-1.jpg?resize=1024%2C680&amp;ssl=1 1024w, https:\/\/i0.wp.com\/puycapel.fr\/wp-content\/uploads\/2019\/04\/ph-bib2-1.jpg?resize=1320%2C877&amp;ssl=1 1320w\" sizes=\"auto, (max-width: 1000px) 100vw, 1000px\" \/><\/figure>\n<\/div>\n\n\n<p>Horaires d\u2019ouverture au public : <\/p>\n\n\n\n<ul class=\"wp-block-list\">\n<li>Mardi de 16h30 \u00e0 17h30<\/li>\n\n\n\n<li>Mercredi de 14h \u00e0 17h30<\/li>\n\n\n\n<li>Jeudi de 14h \u00e0 17h30<\/li>\n\n\n\n<li>Samedi de 14h \u00e0 17h30<\/li>\n<\/ul>\n\n\n\n<p><\/p>\n\n\n\n<p><\/p>\n","protected":false},"excerpt":{"rendered":"<p>Tel: 04 71 49 69 34 Le Mas Mourjou 15340 Puycapelmediathequemourjou@orange.fr Depuis 1993, date de sa cr\u00e9ation, la m\u00e9diath\u00e8que est devenue un lieu de vie incontournable. En 2003, les locaux se sont agrandis. Plus spacieux, ils permettent \u00e0 chacun de trouver son espace, du c\u00f4t\u00e9 de la ludoth\u00e8que pour les plus petits, au coin lecture, [&hellip;]<\/p>\n","protected":false},"author":2,"featured_media":0,"parent":0,"menu_order":0,"comment_status":"closed","ping_status":"closed","template":"","meta":{"_exactmetrics_skip_tracking":false,"_exactmetrics_sitenote_active":false,"_exactmetrics_sitenote_note":"","_exactmetrics_sitenote_category":0,"jetpack_post_was_ever_published":false,"footnotes":""},"class_list":["post-850","page","type-page","status-publish","hentry"],"jetpack_sharing_enabled":true,"jetpack_shortlink":"https:\/\/wp.me\/PaADkW-dI","jetpack-related-posts":[{"id":3412,"url":"https:\/\/puycapel.fr\/index.php\/services-municipaux\/","url_meta":{"origin":850,"position":0},"title":"Services municipaux","author":"Mairie Puycapel","date":"18 janvier 2021","format":false,"excerpt":"Tatiana MARIE agent administratif affect\u00e9 au secr\u00e9tariat de Mairie Nathalie ROBERT-MALVEZIN Agent administratif affect\u00e9 au secr\u00e9tariat de mairie, animation, communication Christian CHARMES Agent technique Hubert MOLENAT Agent technique Brigitte BRU - animation des TAP et gestion de la m\u00e9diath\u00e8que Claudine LACASSAGNE -ATSEM Sandrine MAURY-LASSERONAgent administratif affect\u00e9 \u00e0 l'Agence Postale et\u2026","rel":"","context":"Article similaire","block_context":{"text":"Article similaire","link":""},"img":{"alt_text":"","src":"https:\/\/i0.wp.com\/puycapel.fr\/wp-content\/uploads\/2021\/01\/nath-scaled.jpg?resize=350%2C200&ssl=1","width":350,"height":200,"srcset":"https:\/\/i0.wp.com\/puycapel.fr\/wp-content\/uploads\/2021\/01\/nath-scaled.jpg?resize=350%2C200&ssl=1 1x, https:\/\/i0.wp.com\/puycapel.fr\/wp-content\/uploads\/2021\/01\/nath-scaled.jpg?resize=525%2C300&ssl=1 1.5x, https:\/\/i0.wp.com\/puycapel.fr\/wp-content\/uploads\/2021\/01\/nath-scaled.jpg?resize=700%2C400&ssl=1 2x, https:\/\/i0.wp.com\/puycapel.fr\/wp-content\/uploads\/2021\/01\/nath-scaled.jpg?resize=1050%2C600&ssl=1 3x, https:\/\/i0.wp.com\/puycapel.fr\/wp-content\/uploads\/2021\/01\/nath-scaled.jpg?resize=1400%2C800&ssl=1 4x"},"classes":[]},{"id":1141,"url":"https:\/\/puycapel.fr\/index.php\/les-equipements\/","url_meta":{"origin":850,"position":1},"title":"Equipements et loisirs","author":"Mairie Puycapel","date":"27 mai 2019","format":false,"excerpt":"Toutes les infos touristiques\u00a0: CALVINET\u00a0: agence postale, MOURJOU\u00a0: m\u00e9diath\u00e8que ou https:\/\/chataigneraie-cantal.com\/ Bornes wifi\u00a0: CALVINET\u00a0: agence postale, MOURJOU parking devant la mairie et salle d\u2019activit\u00e9s Terrains de sport \u00e0 Calvinet et Mourjou Salles des f\u00eates \u00e0 Calvinet et Mourjou (grande capacit\u00e9). R\u00e9servation des salles aupr\u00e8s de la mairie. Tarifs : *\u2026","rel":"","context":"Article similaire","block_context":{"text":"Article similaire","link":""},"img":{"alt_text":"","src":"https:\/\/i0.wp.com\/puycapel.fr\/wp-content\/uploads\/2019\/05\/eau-calvinet.jpg?resize=350%2C200&ssl=1","width":350,"height":200},"classes":[]},{"id":181,"url":"https:\/\/puycapel.fr\/index.php\/accueil\/les-associations-de-puycapel\/club-des-aines\/","url_meta":{"origin":850,"position":2},"title":"Club des A\u00een\u00e9s du Haut-C\u00e9l\u00e9","author":"Antoine Puech","date":"26 janvier 2019","format":false,"excerpt":"Le club des A\u00een\u00e9s a \u00e9t\u00e9 cr\u00e9\u00e9 en 1979 et compte plus de 150 adh\u00e9rents. Son objectif est de permettre \u00e0 nos retrait\u00e9(e)s et sympathisants non retrait\u00e9s de se retrouver pour partager des moments conviviaux lors de nombreuses activit\u00e9s mises en place. Venez profiter tout au long de l\u2019ann\u00e9e des\u2026","rel":"","context":"Article similaire","block_context":{"text":"Article similaire","link":""},"img":{"alt_text":"","src":"","width":0,"height":0},"classes":[]},{"id":185,"url":"https:\/\/puycapel.fr\/index.php\/accueil\/les-associations-de-puycapel\/association-du-pelou\/","url_meta":{"origin":850,"position":3},"title":"Association du P\u00e9lou","author":"Antoine Puech","date":"26 janvier 2019","format":false,"excerpt":"L\u2019association du P\u00e9lou a vu le jour en 1995 pour prendre en charge l\u2019organisation de la Foire de la ch\u00e2taigne de Mourjou, cr\u00e9\u00e9e en 1989 et organis\u00e9e jusque l\u00e0 par le comit\u00e9 des f\u00eates de Mourjou. Elle mobilise chaque ann\u00e9e plus de 200 b\u00e9n\u00e9voles pour l\u2019organisation, l\u2019avant dernier week-end d\u2019octobre,\u2026","rel":"","context":"Article similaire","block_context":{"text":"Article similaire","link":""},"img":{"alt_text":"","src":"https:\/\/i0.wp.com\/puycapel.fr\/wp-content\/uploads\/2019\/01\/pelou3.jpg?resize=350%2C200","width":350,"height":200,"srcset":"https:\/\/i0.wp.com\/puycapel.fr\/wp-content\/uploads\/2019\/01\/pelou3.jpg?resize=350%2C200 1x, https:\/\/i0.wp.com\/puycapel.fr\/wp-content\/uploads\/2019\/01\/pelou3.jpg?resize=525%2C300 1.5x, https:\/\/i0.wp.com\/puycapel.fr\/wp-content\/uploads\/2019\/01\/pelou3.jpg?resize=700%2C400 2x, https:\/\/i0.wp.com\/puycapel.fr\/wp-content\/uploads\/2019\/01\/pelou3.jpg?resize=1050%2C600 3x"},"classes":[]},{"id":6564,"url":"https:\/\/puycapel.fr\/index.php\/agriculture\/","url_meta":{"origin":850,"position":4},"title":"Agriculture","author":"Mairie Puycapel","date":"30 mars 2022","format":false,"excerpt":"SAFER\/ Location dans le cadre de convention de mise \u00e0 disposition. La safer se propose de louer les biens fonciers suivant par bail SAFER.Pour plus d informations,\u00a0 cliquez sur ce lien\u00a0ICI\u00a0et contactez la SAFER.","rel":"","context":"Article similaire","block_context":{"text":"Article similaire","link":""},"img":{"alt_text":"","src":"","width":0,"height":0},"classes":[]},{"id":198,"url":"https:\/\/puycapel.fr\/index.php\/accueil\/les-associations-de-puycapel\/admr-du-haut-cele\/","url_meta":{"origin":850,"position":5},"title":"ADMR du Haut C\u00e9l\u00e9","author":"Antoine Puech","date":"26 janvier 2019","format":false,"excerpt":"Forte de plus de 25 salari\u00e9s, l\u2019ADMR\u00a0 (Association d\u2019Aide \u00e0 Domicile en Milieux Rural) du Haut C\u00e9l\u00e9 \u00a0\u0153uvre depuis plus de 60 ans au service des personnes, des familles, pour un accompagnement, \u00e0 domicile, temporaire ou de longue dur\u00e9e, et du portage repas. L\u2019ADMR du Haut C\u00e9l\u00e9\u00a0 intervient \u00e0 Puycapel\u2026","rel":"","context":"Article similaire","block_context":{"text":"Article similaire","link":""},"img":{"alt_text":"","src":"https:\/\/i0.wp.com\/puycapel.fr\/wp-content\/uploads\/2026\/02\/AFFICHE-PR-HAUT-CELE_page-0001-1-1.jpg?resize=350%2C200&ssl=1","width":350,"height":200,"srcset":"https:\/\/i0.wp.com\/puycapel.fr\/wp-content\/uploads\/2026\/02\/AFFICHE-PR-HAUT-CELE_page-0001-1-1.jpg?resize=350%2C200&ssl=1 1x, https:\/\/i0.wp.com\/puycapel.fr\/wp-content\/uploads\/2026\/02\/AFFICHE-PR-HAUT-CELE_page-0001-1-1.jpg?resize=525%2C300&ssl=1 1.5x, https:\/\/i0.wp.com\/puycapel.fr\/wp-content\/uploads\/2026\/02\/AFFICHE-PR-HAUT-CELE_page-0001-1-1.jpg?resize=700%2C400&ssl=1 2x, https:\/\/i0.wp.com\/puycapel.fr\/wp-content\/uploads\/2026\/02\/AFFICHE-PR-HAUT-CELE_page-0001-1-1.jpg?resize=1050%2C600&ssl=1 3x"},"classes":[]}],"_links":{"self":[{"href":"https:\/\/puycapel.fr\/index.php\/wp-json\/wp\/v2\/pages\/850","targetHints":{"allow":["GET"]}}],"collection":[{"href":"https:\/\/puycapel.fr\/index.php\/wp-json\/wp\/v2\/pages"}],"about":[{"href":"https:\/\/puycapel.fr\/index.php\/wp-json\/wp\/v2\/types\/page"}],"author":[{"embeddable":true,"href":"https:\/\/puycapel.fr\/index.php\/wp-json\/wp\/v2\/users\/2"}],"replies":[{"embeddable":true,"href":"https:\/\/puycapel.fr\/index.php\/wp-json\/wp\/v2\/comments?post=850"}],"version-history":[{"count":29,"href":"https:\/\/puycapel.fr\/index.php\/wp-json\/wp\/v2\/pages\/850\/revisions"}],"predecessor-version":[{"id":9639,"href":"https:\/\/puycapel.fr\/index.php\/wp-json\/wp\/v2\/pages\/850\/revisions\/9639"}],"wp:attachment":[{"href":"https:\/\/puycapel.fr\/index.php\/wp-json\/wp\/v2\/media?parent=850"}],"curies":[{"name":"wp","href":"https:\/\/api.w.org\/{rel}","templated":true}]}}