{"id":9153,"date":"2024-05-22T10:30:22","date_gmt":"2024-05-22T08:30:22","guid":{"rendered":"https:\/\/puycapel.fr\/?page_id=9153"},"modified":"2024-05-22T10:30:25","modified_gmt":"2024-05-22T08:30:25","slug":"abc-2021-2023-livret-biodiversite","status":"publish","type":"page","link":"https:\/\/puycapel.fr\/index.php\/abc-2021-2023-livret-biodiversite\/","title":{"rendered":"ABC 2021\/2023 &#8211; LIVRET BIODIVERSITE"},"content":{"rendered":"\n<div data-wp-interactive=\"core\/file\" class=\"wp-block-file\"><object data-wp-bind--hidden=\"!state.hasPdfPreview\" hidden class=\"wp-block-file__embed\" data=\"https:\/\/puycapel.fr\/wp-content\/uploads\/2024\/05\/LIVRET-ABC-PUYCAPEL_compressed-1.pdf\" type=\"application\/pdf\" style=\"width:100%;height:600px\" aria-label=\"Contenu embarqu\u00e9 LIVRET-ABC-PUYCAPEL_compressed-1.\"><\/object><a id=\"wp-block-file--media-beaa3a58-a7b8-40d4-9aec-2b389b715359\" href=\"https:\/\/puycapel.fr\/wp-content\/uploads\/2024\/05\/LIVRET-ABC-PUYCAPEL_compressed-1.pdf\">LIVRET-ABC-PUYCAPEL_compressed-1<\/a><a href=\"https:\/\/puycapel.fr\/wp-content\/uploads\/2024\/05\/LIVRET-ABC-PUYCAPEL_compressed-1.pdf\" class=\"wp-block-file__button wp-element-button\" download aria-describedby=\"wp-block-file--media-beaa3a58-a7b8-40d4-9aec-2b389b715359\">T\u00e9l\u00e9charger<\/a><\/div>\n","protected":false},"excerpt":{"rendered":"","protected":false},"author":2,"featured_media":0,"parent":0,"menu_order":0,"comment_status":"closed","ping_status":"closed","template":"","meta":{"_exactmetrics_skip_tracking":false,"_exactmetrics_sitenote_active":false,"_exactmetrics_sitenote_note":"","_exactmetrics_sitenote_category":0,"jetpack_post_was_ever_published":false,"footnotes":""},"class_list":["post-9153","page","type-page","status-publish","hentry"],"jetpack_sharing_enabled":true,"jetpack_shortlink":"https:\/\/wp.me\/PaADkW-2nD","jetpack-related-posts":[{"id":3651,"url":"https:\/\/puycapel.fr\/index.php\/atlas-de-la-biodiversite-de-puycapel\/","url_meta":{"origin":9153,"position":0},"title":"ATLAS DE LA BIODIVERSITE 2021\/2023- RAPPORT TECHNIQUE","author":"Mairie Puycapel","date":"12 mars 2021","format":false,"excerpt":"Rapport-technique-ABC-PUYCAPEL_compressed-1T\u00e9l\u00e9charger","rel":"","context":"Article similaire","block_context":{"text":"Article similaire","link":""},"img":{"alt_text":"","src":"","width":0,"height":0},"classes":[]},{"id":7397,"url":"https:\/\/puycapel.fr\/index.php\/sterilisateur-abc-730-005-standard-notice\/","url_meta":{"origin":9153,"position":1},"title":"st\u00e9rilisateur ABC 730 005 standard notice","author":"Antoine Puech","date":"28 septembre 2022","format":false,"excerpt":"sterilisateur 730 005 standard ABCT\u00e9l\u00e9charger","rel":"","context":"Article similaire","block_context":{"text":"Article similaire","link":""},"img":{"alt_text":"","src":"","width":0,"height":0},"classes":[]},{"id":145,"url":"https:\/\/puycapel.fr\/index.php\/accueil\/contactez-nous\/formalites-administratives\/","url_meta":{"origin":9153,"position":2},"title":"Formalit\u00e9s administratives","author":"Antoine Puech","date":"16 janvier 2019","format":false,"excerpt":"SECRETARIAT DE MAIRIE Tatiana MARIE et Nathalie ROBERT-MALVEZIN vous accueillent au secr\u00e9tariat \u00e0 Mourjou les matins de 9h00 \u00e0 12h00 (mardi, jeudi et vendredi) - T 04 71 49 96 37 et \u00e0 Calvinet les apr\u00e8s-midi de 13h30 \u00e0 16h30 (mardi, jeudi et vendredi) - T 04 71 49 94\u2026","rel":"","context":"Article similaire","block_context":{"text":"Article similaire","link":""},"img":{"alt_text":"","src":"","width":0,"height":0},"classes":[]},{"id":2828,"url":"https:\/\/puycapel.fr\/index.php\/atlas-de-la-biodiversite\/","url_meta":{"origin":9153,"position":3},"title":"ATLAS DE LA BIODIVERSITE- MOURJOU","author":"Mairie Puycapel","date":"3 f\u00e9vrier 2022","format":false,"excerpt":"Consultez l' Atlas de la Biodiversit\u00e9 de Mourjou, r\u00e9alis\u00e9 en 2014.","rel":"","context":"Article similaire","block_context":{"text":"Article similaire","link":""},"img":{"alt_text":"","src":"https:\/\/i0.wp.com\/puycapel.fr\/wp-content\/uploads\/2022\/02\/Rendu_final_ABC_Mourjou_complet-dec2014_relu_PUBLIABLE_compresse-1-pdf-1024x724.jpg?resize=350%2C200&ssl=1","width":350,"height":200,"srcset":"https:\/\/i0.wp.com\/puycapel.fr\/wp-content\/uploads\/2022\/02\/Rendu_final_ABC_Mourjou_complet-dec2014_relu_PUBLIABLE_compresse-1-pdf-1024x724.jpg?resize=350%2C200&ssl=1 1x, https:\/\/i0.wp.com\/puycapel.fr\/wp-content\/uploads\/2022\/02\/Rendu_final_ABC_Mourjou_complet-dec2014_relu_PUBLIABLE_compresse-1-pdf-1024x724.jpg?resize=525%2C300&ssl=1 1.5x, https:\/\/i0.wp.com\/puycapel.fr\/wp-content\/uploads\/2022\/02\/Rendu_final_ABC_Mourjou_complet-dec2014_relu_PUBLIABLE_compresse-1-pdf-1024x724.jpg?resize=700%2C400&ssl=1 2x"},"classes":[]},{"id":4394,"url":"https:\/\/puycapel.fr\/index.php\/signalement-biodiversite\/","url_meta":{"origin":9153,"position":4},"title":"signalement biodiversit\u00e9","author":"Antoine Puech","date":"2 juin 2021","format":false,"excerpt":"","rel":"","context":"Article similaire","block_context":{"text":"Article similaire","link":""},"img":{"alt_text":"","src":"","width":0,"height":0},"classes":[]},{"id":3675,"url":"https:\/\/puycapel.fr\/index.php\/inventaire-de-la-biodiversite-de-puycapel\/","url_meta":{"origin":9153,"position":5},"title":"Inventaire de la biodiversit\u00e9 de Puycapel","author":"Antoine Puech","date":"13 mars 2021","format":false,"excerpt":"acc\u00e9s au formulaire en ligne en cliquant ici","rel":"","context":"Article similaire","block_context":{"text":"Article similaire","link":""},"img":{"alt_text":"","src":"","width":0,"height":0},"classes":[]}],"_links":{"self":[{"href":"https:\/\/puycapel.fr\/index.php\/wp-json\/wp\/v2\/pages\/9153","targetHints":{"allow":["GET"]}}],"collection":[{"href":"https:\/\/puycapel.fr\/index.php\/wp-json\/wp\/v2\/pages"}],"about":[{"href":"https:\/\/puycapel.fr\/index.php\/wp-json\/wp\/v2\/types\/page"}],"author":[{"embeddable":true,"href":"https:\/\/puycapel.fr\/index.php\/wp-json\/wp\/v2\/users\/2"}],"replies":[{"embeddable":true,"href":"https:\/\/puycapel.fr\/index.php\/wp-json\/wp\/v2\/comments?post=9153"}],"version-history":[{"count":1,"href":"https:\/\/puycapel.fr\/index.php\/wp-json\/wp\/v2\/pages\/9153\/revisions"}],"predecessor-version":[{"id":9156,"href":"https:\/\/puycapel.fr\/index.php\/wp-json\/wp\/v2\/pages\/9153\/revisions\/9156"}],"wp:attachment":[{"href":"https:\/\/puycapel.fr\/index.php\/wp-json\/wp\/v2\/media?parent=9153"}],"curies":[{"name":"wp","href":"https:\/\/api.w.org\/{rel}","templated":true}]}}